{"id":236,"date":"2021-05-24T16:44:19","date_gmt":"2021-05-24T16:44:19","guid":{"rendered":"http:\/\/www.pstrag.pomorze.pl\/?page_id=236"},"modified":"2021-05-24T20:52:14","modified_gmt":"2021-05-24T20:52:14","slug":"strona-glowna","status":"publish","type":"page","link":"https:\/\/www.pstrag.pomorze.pl\/","title":{"rendered":"Strona g\u0142\u00f3wna"},"content":{"rendered":"\n<p><strong>telefon:<\/strong> +48 608 309 221 <\/p>\n\n\n\n<p><strong>adres korespondencji:<\/strong> ul. S\u0142upska 32, 76-220 G\u0142\u00f3wczyce <\/p>\n\n\n\n<p><strong>adres e-mail:<\/strong>  kontakt@pstrag.pomorze.pl <\/p>\n","protected":false},"excerpt":{"rendered":"<p>telefon: +48 608 309 221 adres korespondencji: ul. S\u0142upska 32, 76-220 G\u0142\u00f3wczyce adres e-mail: kontakt@pstrag.pomorze.pl<\/p>\n","protected":false},"author":1,"featured_media":0,"parent":0,"menu_order":0,"comment_status":"closed","ping_status":"closed","template":"","meta":{"footnotes":""},"class_list":["post-236","page","type-page","status-publish","hentry"],"_links":{"self":[{"href":"https:\/\/www.pstrag.pomorze.pl\/index.php?rest_route=\/wp\/v2\/pages\/236"}],"collection":[{"href":"https:\/\/www.pstrag.pomorze.pl\/index.php?rest_route=\/wp\/v2\/pages"}],"about":[{"href":"https:\/\/www.pstrag.pomorze.pl\/index.php?rest_route=\/wp\/v2\/types\/page"}],"author":[{"embeddable":true,"href":"https:\/\/www.pstrag.pomorze.pl\/index.php?rest_route=\/wp\/v2\/users\/1"}],"replies":[{"embeddable":true,"href":"https:\/\/www.pstrag.pomorze.pl\/index.php?rest_route=%2Fwp%2Fv2%2Fcomments&post=236"}],"version-history":[{"count":4,"href":"https:\/\/www.pstrag.pomorze.pl\/index.php?rest_route=\/wp\/v2\/pages\/236\/revisions"}],"predecessor-version":[{"id":243,"href":"https:\/\/www.pstrag.pomorze.pl\/index.php?rest_route=\/wp\/v2\/pages\/236\/revisions\/243"}],"wp:attachment":[{"href":"https:\/\/www.pstrag.pomorze.pl\/index.php?rest_route=%2Fwp%2Fv2%2Fmedia&parent=236"}],"curies":[{"name":"wp","href":"https:\/\/api.w.org\/{rel}","templated":true}]}}